{"id":62,"date":"2025-03-25T22:49:22","date_gmt":"2025-03-25T22:49:22","guid":{"rendered":"https:\/\/igatransfer.ch\/?page_id=62"},"modified":"2025-07-08T18:44:35","modified_gmt":"2025-07-08T18:44:35","slug":"uber-uns","status":"publish","type":"page","link":"https:\/\/igatransfer.ch\/?page_id=62","title":{"rendered":"\u00dcber uns"},"content":{"rendered":"\n<p class=\"has-text-align-center has-contrast-dark-color has-text-color has-link-color has-superbfont-medium-font-size wp-elements-8aec28452e2e69224fc867bbee13a654\"><strong>IGA Transfer GmbH<\/strong> ist Ihr verl\u00e4sslicher Fahrdienst f\u00fcr Menschen mit eingeschr\u00e4nkter Mobilit\u00e4t. Ob tempor\u00e4r oder dauerhaft \u2013 wir bringen Sie sicher und komfortabel ans Ziel.<\/p>\n\n\n\n<p class=\"has-text-align-center has-contrast-dark-color has-text-color has-link-color has-superbfont-medium-font-size wp-elements-10fa05757c499de8139227229854437a\">In enger Zusammenarbeit mit <strong>Spitex am See<\/strong> gehen wir weit \u00fcber den klassischen Transfers hinaus: wir bitten nicht nur Transport, sondern eine ganzheitliche Betreuung durch Pflegefachpersonen \u2013 herzlich und kompetent, die individuell auf die gesundheitlichen und pers\u00f6nlichen Bed\u00fcrfnisse unserer Kundinnen und Kunden abgestimmt ist. Ob medizinische Unterst\u00fctzung oder pers\u00f6nliche Begleitung: Je nach Bedarf stehen Ihnen diplomierte Pflegefachpersonen oder FaGe zur Seite \u2013 f\u00fcr eine sichere und ganzheitliche Betreuung, auch w\u00e4hrend der Fahrt zu erf\u00fchlen. <\/p>\n\n\n\n<p class=\"has-text-align-center has-contrast-dark-color has-text-color has-link-color has-superbfont-medium-font-size wp-elements-df3dc090cb25f4bdf72064f43479750f\">Mit modern ausgestatteten, rollstuhlgerechten Fahrzeuge bieten wir Respektvoller Umgang, Individuelle Betreuung mit Herz, Sicherheit, Komfort und zuverl\u00e4ssige Fahrten\u2013 in der Region Z\u00fcrichsee, der gesamten Schweiz und Nachbarl\u00e4nder der Schweiz an.<\/p>\n\n\n\n<p class=\"has-text-align-center has-contrast-dark-color has-text-color has-link-color has-superbfont-medium-font-size wp-elements-0286daecb420dce3080cf00e442e851b\"><strong>Ihr Weg mit uns \u2013 sicher und herzlich Wir freuen uns darauf, Sie individuell, respektvoll und kompetent zu begleiten.<\/strong><\/p>\n","protected":false},"excerpt":{"rendered":"<p>IGA Transfer GmbH ist Ihr verl\u00e4sslicher Fahrdienst f\u00fcr Menschen mit eingeschr\u00e4nkter Mobilit\u00e4t. Ob tempor\u00e4r oder dauerhaft \u2013 wir bringen Sie sicher und komfortabel ans Ziel. In enger Zusammenarbeit mit Spitex am See gehen wir weit \u00fcber den klassischen Transfers hinaus: wir bitten nicht nur Transport, sondern eine ganzheitliche Betreuung durch Pflegefachpersonen \u2013 herzlich und kompetent, [&hellip;]<\/p>\n","protected":false},"author":1,"featured_media":0,"parent":0,"menu_order":0,"comment_status":"closed","ping_status":"closed","template":"","meta":{"footnotes":""},"class_list":["post-62","page","type-page","status-publish","hentry"],"_links":{"self":[{"href":"https:\/\/igatransfer.ch\/index.php?rest_route=\/wp\/v2\/pages\/62","targetHints":{"allow":["GET"]}}],"collection":[{"href":"https:\/\/igatransfer.ch\/index.php?rest_route=\/wp\/v2\/pages"}],"about":[{"href":"https:\/\/igatransfer.ch\/index.php?rest_route=\/wp\/v2\/types\/page"}],"author":[{"embeddable":true,"href":"https:\/\/igatransfer.ch\/index.php?rest_route=\/wp\/v2\/users\/1"}],"replies":[{"embeddable":true,"href":"https:\/\/igatransfer.ch\/index.php?rest_route=%2Fwp%2Fv2%2Fcomments&post=62"}],"version-history":[{"count":5,"href":"https:\/\/igatransfer.ch\/index.php?rest_route=\/wp\/v2\/pages\/62\/revisions"}],"predecessor-version":[{"id":224,"href":"https:\/\/igatransfer.ch\/index.php?rest_route=\/wp\/v2\/pages\/62\/revisions\/224"}],"wp:attachment":[{"href":"https:\/\/igatransfer.ch\/index.php?rest_route=%2Fwp%2Fv2%2Fmedia&parent=62"}],"curies":[{"name":"wp","href":"https:\/\/api.w.org\/{rel}","templated":true}]}}