{"id":56,"date":"2025-03-25T22:46:51","date_gmt":"2025-03-25T22:46:51","guid":{"rendered":"https:\/\/igatransfer.ch\/?page_id=56"},"modified":"2025-03-26T18:23:46","modified_gmt":"2025-03-26T18:23:46","slug":"testing","status":"publish","type":"page","link":"https:\/\/igatransfer.ch\/?page_id=56","title":{"rendered":"Tarife und Preise"},"content":{"rendered":"\n<p><\/p>\n\n\n\n<p>Pers\u00f6nliche Abholung auf der Abteilung, Station, Arzt, Hause, etc.<br>Begleitung bis zum Arzt, Station, Abteilung, Hause, etc.<br>Saubere und desinfizierte Fahrzeuge<br>Professionelle und Erfahrene Fahrer mit Pflegefachausbildung und von handi-cap suisse ausgebildet<\/p>\n\n\n\n<p>\u2013 Grundtaxe pro Fahrt: CH 10.00<br>\u2013 Taxe pro Kilometer: CH 5.00<br>\u2013 Wartezeit pro Stunde: CH 60.00<br>\u2013 F\u00fcr&nbsp;Kurzfahrten 1 bis 4 km verrechnen wir Pauschal preis CH 40.00 inklusive Grundtaxe.<\/p>\n\n\n\n<p>\u2013 F\u00fcr regelm\u00e4\u00dfige Fahrten zur Therapie, zur Schule oder Arbeit bieten wir Ihnen einen Rabatt an.<br>\u2013 Fahrten ausserhalb der Betriebszeiten auf Anfrage m\u00f6glich (Zuschlag CH 45.00)<\/p>\n\n\n\n<p><\/p>\n","protected":false},"excerpt":{"rendered":"<p>Pers\u00f6nliche Abholung auf der Abteilung, Station, Arzt, Hause, etc.Begleitung bis zum Arzt, Station, Abteilung, Hause, etc.Saubere und desinfizierte FahrzeugeProfessionelle und Erfahrene Fahrer mit Pflegefachausbildung und von handi-cap suisse ausgebildet \u2013 Grundtaxe pro Fahrt: CH 10.00\u2013 Taxe pro Kilometer: CH 5.00\u2013 Wartezeit pro Stunde: CH 60.00\u2013 F\u00fcr&nbsp;Kurzfahrten 1 bis 4 km verrechnen wir Pauschal preis CH [&hellip;]<\/p>\n","protected":false},"author":1,"featured_media":0,"parent":0,"menu_order":0,"comment_status":"closed","ping_status":"closed","template":"","meta":{"footnotes":""},"class_list":["post-56","page","type-page","status-publish","hentry"],"_links":{"self":[{"href":"https:\/\/igatransfer.ch\/index.php?rest_route=\/wp\/v2\/pages\/56","targetHints":{"allow":["GET"]}}],"collection":[{"href":"https:\/\/igatransfer.ch\/index.php?rest_route=\/wp\/v2\/pages"}],"about":[{"href":"https:\/\/igatransfer.ch\/index.php?rest_route=\/wp\/v2\/types\/page"}],"author":[{"embeddable":true,"href":"https:\/\/igatransfer.ch\/index.php?rest_route=\/wp\/v2\/users\/1"}],"replies":[{"embeddable":true,"href":"https:\/\/igatransfer.ch\/index.php?rest_route=%2Fwp%2Fv2%2Fcomments&post=56"}],"version-history":[{"count":5,"href":"https:\/\/igatransfer.ch\/index.php?rest_route=\/wp\/v2\/pages\/56\/revisions"}],"predecessor-version":[{"id":75,"href":"https:\/\/igatransfer.ch\/index.php?rest_route=\/wp\/v2\/pages\/56\/revisions\/75"}],"wp:attachment":[{"href":"https:\/\/igatransfer.ch\/index.php?rest_route=%2Fwp%2Fv2%2Fmedia&parent=56"}],"curies":[{"name":"wp","href":"https:\/\/api.w.org\/{rel}","templated":true}]}}