{"id":146,"date":"2025-03-31T21:23:53","date_gmt":"2025-03-31T21:23:53","guid":{"rendered":"https:\/\/igatransfer.ch\/?page_id=146"},"modified":"2025-03-31T22:02:49","modified_gmt":"2025-03-31T22:02:49","slug":"dienstleistungen","status":"publish","type":"page","link":"https:\/\/igatransfer.ch\/?page_id=146","title":{"rendered":""},"content":{"rendered":"\n<div class=\"wp-block-columns is-layout-flex wp-container-core-columns-is-layout-28f84493 wp-block-columns-is-layout-flex\">\n<div class=\"wp-block-column is-layout-flow wp-container-core-column-is-layout-8a368f38 wp-block-column-is-layout-flow\">\n<div class=\"wp-block-group has-mono-4-background-color has-background has-global-padding is-layout-constrained wp-container-core-group-is-layout-25c581b9 wp-block-group-is-layout-constrained\" style=\"border-radius:25px;min-height:500px;margin-top:0;margin-bottom:0;padding-top:50px;padding-right:50px;padding-bottom:50px;padding-left:50px\">\n<figure class=\"wp-block-image aligncenter size-full is-resized\"><img loading=\"lazy\" decoding=\"async\" width=\"107\" height=\"83\" src=\"https:\/\/igatransfer.ch\/wp-content\/uploads\/2025\/03\/roll.png\" alt=\"\" class=\"wp-image-25\" style=\"width:76px;height:auto\"\/><\/figure>\n\n\n\n<h4 class=\"wp-block-heading has-text-align-center has-superbfont-medium-font-size\" style=\"margin-top:0;margin-right:0;margin-bottom:0\">Rollstuhltransport<\/h4>\n\n\n\n<p class=\"has-text-align-center\" style=\"border-radius:21px\">IGA Transfer bietet Rollstuhltransporte f\u00fcr jedes Bed\u00fcrfnis an: von Spital zu Spital, f\u00fcr Austritte in die Reha, zum Arzt oder nach Hause. Wir holen Sie direkt von der Station\/Abteilung, den<br>Arztpraxen, dem Domizil oder Ihrem Wunschort ab. Es ist unser Anliegen Sie kompetent und sicher zu Ihrem Termin zu begleiten. Auf Wunsch bleiben wir gerne auch w\u00e4hrend der Untersuchungszeit an Ihrer Seite<\/p>\n<\/div>\n<\/div>\n\n\n\n<div class=\"wp-block-column is-layout-flow wp-container-core-column-is-layout-8a368f38 wp-block-column-is-layout-flow\">\n<div class=\"wp-block-group has-mono-4-background-color has-background has-global-padding is-layout-constrained wp-container-core-group-is-layout-25c581b9 wp-block-group-is-layout-constrained\" style=\"border-radius:25px;min-height:500px;margin-top:0;margin-bottom:0;padding-top:50px;padding-right:50px;padding-bottom:50px;padding-left:50px\">\n<figure class=\"wp-block-image aligncenter size-full is-resized\"><img loading=\"lazy\" decoding=\"async\" width=\"91\" height=\"93\" src=\"https:\/\/igatransfer.ch\/wp-content\/uploads\/2025\/03\/Sitzendtransport.png\" alt=\"\" class=\"wp-image-26\" style=\"width:60px;height:auto\"\/><\/figure>\n\n\n\n<h4 class=\"wp-block-heading has-text-align-center has-superbfont-medium-font-size\" style=\"margin-top:0;margin-right:0;margin-bottom:0\">Sitzendtransport<\/h4>\n\n\n\n<p class=\"has-text-align-center\" style=\"border-radius:21px\">Wir sind gerne f\u00fcr Sie da, auch wenn Sie an keiner schweren Erkrankung oder Beeintr\u00e4chtigung leiden. Wir bieten Ihnen Fahrten f\u00fcr medizinische, diagnostische oder therapeutische Termine, Dialyse, Einkauf, zum Flughafen oder auch zu privaten oder kulturellen Veranstaltungen an. Wir<br>sind selbstverst\u00e4ndlich um Ihren R\u00fccktransport besorgt<\/p>\n\n\n\n<p><\/p>\n<\/div>\n\n\n\n<p><\/p>\n\n\n\n<p><\/p>\n<\/div>\n\n\n\n<div class=\"wp-block-column is-layout-flow wp-container-core-column-is-layout-8a368f38 wp-block-column-is-layout-flow\">\n<div class=\"wp-block-group has-mono-4-background-color has-background has-global-padding is-layout-constrained wp-container-core-group-is-layout-25c581b9 wp-block-group-is-layout-constrained\" style=\"border-radius:25px;min-height:500px;margin-top:0;margin-bottom:0;padding-top:50px;padding-right:50px;padding-bottom:50px;padding-left:50px\">\n<figure class=\"wp-block-image aligncenter size-full is-resized\"><img loading=\"lazy\" decoding=\"async\" width=\"317\" height=\"413\" src=\"https:\/\/igatransfer.ch\/wp-content\/uploads\/2025\/03\/Betreuer_Transport.png\" alt=\"\" class=\"wp-image-27\" style=\"width:45px;height:auto\" srcset=\"https:\/\/igatransfer.ch\/wp-content\/uploads\/2025\/03\/Betreuer_Transport.png 317w, https:\/\/igatransfer.ch\/wp-content\/uploads\/2025\/03\/Betreuer_Transport-230x300.png 230w\" sizes=\"auto, (max-width: 317px) 100vw, 317px\" \/><\/figure>\n\n\n\n<h4 class=\"wp-block-heading has-text-align-center has-superbfont-medium-font-size\" style=\"margin-top:0;margin-right:0;margin-bottom:0\">Betreuter Transport<\/h4>\n\n\n\n<p class=\"has-text-align-center\" style=\"border-radius:21px\">Wir Begleiten und Betreuen Sie zu Untersuchungen oder diagnostische Abkl\u00e4rungen ins Spital, zum R\u00f6ntgen, CT, oder MRI und sind w\u00e4hrend dem ganzen Auftrag f\u00fcr unsere Klienten da, und stellen sicher, dass die Informationen nach dem Untersuchung korrekt r\u00fcckgemeldet werden. Wir entlasten damit das Pflegepersonal oder die Angeh\u00f6rigen, ohne dass das Wohlbefinden der Klienten darunter leidet<br><\/p>\n<\/div>\n<\/div>\n<\/div>\n","protected":false},"excerpt":{"rendered":"<p>Rollstuhltransport IGA Transfer bietet Rollstuhltransporte f\u00fcr jedes Bed\u00fcrfnis an: von Spital zu Spital, f\u00fcr Austritte in die Reha, zum Arzt oder nach Hause. Wir holen Sie direkt von der Station\/Abteilung, denArztpraxen, dem Domizil oder Ihrem Wunschort ab. Es ist unser Anliegen Sie kompetent und sicher zu Ihrem Termin zu begleiten. Auf Wunsch bleiben wir gerne [&hellip;]<\/p>\n","protected":false},"author":1,"featured_media":0,"parent":0,"menu_order":0,"comment_status":"closed","ping_status":"closed","template":"","meta":{"footnotes":""},"class_list":["post-146","page","type-page","status-publish","hentry"],"_links":{"self":[{"href":"https:\/\/igatransfer.ch\/index.php?rest_route=\/wp\/v2\/pages\/146","targetHints":{"allow":["GET"]}}],"collection":[{"href":"https:\/\/igatransfer.ch\/index.php?rest_route=\/wp\/v2\/pages"}],"about":[{"href":"https:\/\/igatransfer.ch\/index.php?rest_route=\/wp\/v2\/types\/page"}],"author":[{"embeddable":true,"href":"https:\/\/igatransfer.ch\/index.php?rest_route=\/wp\/v2\/users\/1"}],"replies":[{"embeddable":true,"href":"https:\/\/igatransfer.ch\/index.php?rest_route=%2Fwp%2Fv2%2Fcomments&post=146"}],"version-history":[{"count":5,"href":"https:\/\/igatransfer.ch\/index.php?rest_route=\/wp\/v2\/pages\/146\/revisions"}],"predecessor-version":[{"id":192,"href":"https:\/\/igatransfer.ch\/index.php?rest_route=\/wp\/v2\/pages\/146\/revisions\/192"}],"wp:attachment":[{"href":"https:\/\/igatransfer.ch\/index.php?rest_route=%2Fwp%2Fv2%2Fmedia&parent=146"}],"curies":[{"name":"wp","href":"https:\/\/api.w.org\/{rel}","templated":true}]}}